{"id":11472,"date":"2022-11-02T16:48:55","date_gmt":"2022-11-02T15:48:55","guid":{"rendered":"https:\/\/www.conect.org.tn\/?page_id=11472"},"modified":"2022-11-02T16:48:55","modified_gmt":"2022-11-02T15:48:55","slug":"%d8%a7%d9%84%d8%ad%d8%b2%d9%85","status":"publish","type":"page","link":"https:\/\/www.conect.org.tn\/ar\/%d8%a7%d9%84%d8%ad%d8%b2%d9%85\/","title":{"rendered":"\u0627\u0644\u062d\u0632\u0645"},"content":{"rendered":"\t\t<div data-elementor-type=\"wp-page\" data-elementor-id=\"11472\" class=\"elementor elementor-11472\" data-elementor-settings=\"[]\">\n\t\t\t\t\t\t\t<div class=\"elementor-section-wrap\">\n\t\t\t\t\t\t\t<section class=\"penci-section penci-disSticky penci-structure-10 elementor-section elementor-top-section elementor-element elementor-element-1d5abb2 elementor-section-boxed elementor-section-height-default elementor-section-height-default\" data-id=\"1d5abb2\" data-element_type=\"section\">\n\t\t\t\t\t\t<div class=\"elementor-container elementor-column-gap-default\">\n\t\t\t\t\t<div class=\"penci-ercol-100 penci-ercol-order-1 penci-sticky-ct  elementor-column elementor-col-100 elementor-top-column elementor-element elementor-element-1398ce2\" data-id=\"1398ce2\" data-element_type=\"column\">\n\t\t\t<div class=\"elementor-widget-wrap\">\n\t\t\t\t\t\t\t\t\t<\/div>\n\t\t<\/div>\n\t\t\t\t\t\t\t<\/div>\n\t\t<\/section>\n\t\t\t\t<section class=\"penci-section penci-disSticky penci-structure-30 elementor-section elementor-top-section elementor-element elementor-element-5c8099c elementor-section-boxed elementor-section-height-default elementor-section-height-default\" data-id=\"5c8099c\" data-element_type=\"section\">\n\t\t\t\t\t\t<div class=\"elementor-container elementor-column-gap-default\">\n\t\t\t\t\t<div class=\"penci-ercol-33 penci-ercol-order-1 penci-sticky-sb penci-sidebarSC elementor-column elementor-col-33 elementor-top-column elementor-element elementor-element-3bcc6ee\" data-id=\"3bcc6ee\" data-element_type=\"column\">\n\t\t\t<div class=\"elementor-widget-wrap elementor-element-populated\">\n\t\t\t\t\t\t\t\t<div class=\"elementor-element elementor-element-e74791d elementor-widget elementor-widget-penci-pricing-table\" data-id=\"e74791d\" data-element_type=\"widget\" data-widget_type=\"penci-pricing-table.default\">\n\t\t\t\t<div class=\"elementor-widget-container\">\n\t\t\t        <div class=\"penci-block-vc penci-pricing-table penci-pricing-item penci-pricing-f-hheight penci-pricing-btn-below penci-pricing-s1\">\n\t\t\t            <div class=\"penci-block_content penci-pricing-inner\">\n\t\t\t\t<div class=\"penci-pricing-header\"><div class=\"penci-pricing-title\">GOLD<\/div><div class=\"penci-pricing-subtitle\">Conect<\/div><\/div><div class=\"penci-price-unit\"><span class=\"penci-pricing-price\">99DT<\/span><span class=\"penci-pricing-unit\">\/mois<\/span><\/div><div class=\"penci-pricing-featured\"><ul>\n<li>VISA Chine : Accompagnement et prise de RDV.<\/li>\n<li>Visibilit\u00e9 de votre logo sur le site web de la<br \/>CONECT<\/li>\n<li>Plaidoyer aupr\u00e8s des institutions publiques.<\/li>\n<li>Prise de RDV rapide pour VISA Schengen<\/li>\n<\/ul>\n<\/div><div class=\"penci-pricing-pbutton\"><a class=\"penci-pricing-btn penci-button\" href=\"https:\/\/www.conect.org.tn\/rapport-annuel-et-contact\/\">contactez -nous<\/a><\/div>            <\/div>\n        <\/div>\n\t\t\t\t<\/div>\n\t\t\t\t<\/div>\n\t\t\t\t\t<\/div>\n\t\t<\/div>\n\t\t\t\t<div class=\"penci-ercol-33 penci-ercol-order-2 penci-sticky-sb penci-sidebarSC elementor-column elementor-col-33 elementor-top-column elementor-element elementor-element-7c0f643\" data-id=\"7c0f643\" data-element_type=\"column\">\n\t\t\t<div class=\"elementor-widget-wrap elementor-element-populated\">\n\t\t\t\t\t\t\t\t<div class=\"elementor-element elementor-element-3d2d4d7 elementor-widget elementor-widget-penci-pricing-table\" data-id=\"3d2d4d7\" data-element_type=\"widget\" data-widget_type=\"penci-pricing-table.default\">\n\t\t\t\t<div class=\"elementor-widget-container\">\n\t\t\t        <div class=\"penci-block-vc penci-pricing-table penci-pricing-item penci-pricing-f-hheight penci-pricing-btn-below penci-pricing-s1\">\n\t\t\t            <div class=\"penci-block_content penci-pricing-inner\">\n\t\t\t\t<div class=\"penci-pricing-header\"><div class=\"penci-pricing-title\">SILVER<\/div><div class=\"penci-pricing-subtitle\">Conect<\/div><\/div><div class=\"penci-price-unit\"><span class=\"penci-pricing-price\">70DT<\/span><span class=\"penci-pricing-unit\">\/mois<\/span><\/div><div class=\"penci-pricing-featured\"><ul>\n<li>Accompagnement \u00e0 la certification RSE.<\/li>\n<li>Priorit\u00e9 de participation aux \u00e9v\u00e8nements de la CONECT<\/li>\n<li>Plaidoyer aupr\u00e8s des institutions publiques.<\/li>\n<li>Prise de RDV rapide pour VISA Schengen<\/li>\n<li>Acc\u00e8s direct \u00e0 nos partenaires<\/li>\n<\/ul>\n<\/div><div class=\"penci-pricing-pbutton\"><a class=\"penci-pricing-btn penci-button\" href=\"https:\/\/www.conect.org.tn\/rapport-annuel-et-contact\/\">contactez -nous<\/a><\/div>            <\/div>\n        <\/div>\n\t\t\t\t<\/div>\n\t\t\t\t<\/div>\n\t\t\t\t\t<\/div>\n\t\t<\/div>\n\t\t\t\t<div class=\"penci-ercol-33 penci-ercol-order-3 penci-sticky-sb penci-sidebarSC elementor-column elementor-col-33 elementor-top-column elementor-element elementor-element-bac289f\" data-id=\"bac289f\" data-element_type=\"column\">\n\t\t\t<div class=\"elementor-widget-wrap elementor-element-populated\">\n\t\t\t\t\t\t\t\t<div class=\"elementor-element elementor-element-9e7bfea elementor-widget elementor-widget-penci-pricing-table\" data-id=\"9e7bfea\" data-element_type=\"widget\" data-widget_type=\"penci-pricing-table.default\">\n\t\t\t\t<div class=\"elementor-widget-container\">\n\t\t\t        <div class=\"penci-block-vc penci-pricing-table penci-pricing-item penci-pricing-f-hheight penci-pricing-btn-below penci-pricing-s1\">\n\t\t\t            <div class=\"penci-block_content penci-pricing-inner\">\n\t\t\t\t<div class=\"penci-pricing-header\"><div class=\"penci-pricing-title\">IVORY<\/div><div class=\"penci-pricing-subtitle\">Conect<\/div><\/div><div class=\"penci-price-unit\"><span class=\"penci-pricing-price\">30DT<\/span><span class=\"penci-pricing-unit\">\/mois<\/span><\/div><div class=\"penci-pricing-featured\"><ul>\n<li>Acc\u00e8s \u00e0 l\u2019information \u00e9conomique : Revue de<br \/>presse et mailing infos.<\/li>\n<li>Agenda des forums et salons \u00e0 l\u2019\u00e9tranger et en<br \/>Tunisie<\/li>\n<li>Plaidoyer aupr\u00e8s des institutions publiques. <\/li>\n<\/ul>\n<\/div><div class=\"penci-pricing-pbutton\"><a class=\"penci-pricing-btn penci-button\" href=\"https:\/\/www.conect.org.tn\/rapport-annuel-et-contact\/\">contactez -nous<\/a><\/div>            <\/div>\n        <\/div>\n\t\t\t\t<\/div>\n\t\t\t\t<\/div>\n\t\t\t\t\t<\/div>\n\t\t<\/div>\n\t\t\t\t\t\t\t<\/div>\n\t\t<\/section>\n\t\t\t\t\t\t<\/div>\n\t\t\t\t\t<\/div>\n\t\t","protected":false},"excerpt":{"rendered":"<p>GOLDConect99DT\/mois VISA Chine : Accompagnement et prise de RDV. Visibilit\u00e9 de votre logo sur&hellip;<\/p>\n","protected":false},"author":1,"featured_media":0,"parent":0,"menu_order":0,"comment_status":"closed","ping_status":"closed","template":"","meta":[],"yoast_head":"<!-- This site is optimized with the Yoast SEO plugin v19.6 - https:\/\/yoast.com\/wordpress\/plugins\/seo\/ -->\n<title>\u0627\u0644\u062d\u0632\u0645 | CONECT Tunisie<\/title>\n<meta name=\"robots\" content=\"index, follow, max-snippet:-1, max-image-preview:large, max-video-preview:-1\" \/>\n<link rel=\"canonical\" href=\"https:\/\/www.conect.org.tn\/ar\/\u0627\u0644\u062d\u0632\u0645\/\" \/>\n<meta property=\"og:locale\" content=\"ar_AR\" \/>\n<meta property=\"og:type\" content=\"article\" \/>\n<meta property=\"og:title\" content=\"\u0627\u0644\u062d\u0632\u0645 | CONECT Tunisie\" \/>\n<meta property=\"og:description\" content=\"GOLDConect99DT\/mois VISA Chine : Accompagnement et prise de RDV. Visibilit\u00e9 de votre logo sur&hellip;\" \/>\n<meta property=\"og:url\" content=\"https:\/\/www.conect.org.tn\/ar\/\u0627\u0644\u062d\u0632\u0645\/\" \/>\n<meta property=\"og:site_name\" content=\"CONECT Tunisie\" \/>\n<meta name=\"twitter:card\" content=\"summary_large_image\" \/>\n<meta name=\"twitter:label1\" content=\"\u0648\u0642\u062a \u0627\u0644\u0642\u0631\u0627\u0621\u0629 \u0627\u0644\u0645\u064f\u0642\u062f\u0651\u0631\" \/>\n\t<meta name=\"twitter:data1\" content=\"\u062f\u0642\u064a\u0642\u0629 \u0648\u0627\u062d\u062f\u0629\" \/>\n<script type=\"application\/ld+json\" class=\"yoast-schema-graph\">{\"@context\":\"https:\/\/schema.org\",\"@graph\":[{\"@type\":\"WebPage\",\"@id\":\"https:\/\/www.conect.org.tn\/ar\/%d8%a7%d9%84%d8%ad%d8%b2%d9%85\/\",\"url\":\"https:\/\/www.conect.org.tn\/ar\/%d8%a7%d9%84%d8%ad%d8%b2%d9%85\/\",\"name\":\"\u0627\u0644\u062d\u0632\u0645 | CONECT Tunisie\",\"isPartOf\":{\"@id\":\"https:\/\/www.conect.org.tn\/#website\"},\"datePublished\":\"2022-11-02T15:48:55+00:00\",\"dateModified\":\"2022-11-02T15:48:55+00:00\",\"breadcrumb\":{\"@id\":\"https:\/\/www.conect.org.tn\/ar\/%d8%a7%d9%84%d8%ad%d8%b2%d9%85\/#breadcrumb\"},\"inLanguage\":\"ar\",\"potentialAction\":[{\"@type\":\"ReadAction\",\"target\":[\"https:\/\/www.conect.org.tn\/ar\/%d8%a7%d9%84%d8%ad%d8%b2%d9%85\/\"]}]},{\"@type\":\"BreadcrumbList\",\"@id\":\"https:\/\/www.conect.org.tn\/ar\/%d8%a7%d9%84%d8%ad%d8%b2%d9%85\/#breadcrumb\",\"itemListElement\":[{\"@type\":\"ListItem\",\"position\":1,\"name\":\"Accueil\",\"item\":\"https:\/\/www.conect.org.tn\/ar\/\"},{\"@type\":\"ListItem\",\"position\":2,\"name\":\"\u0627\u0644\u062d\u0632\u0645\"}]},{\"@type\":\"WebSite\",\"@id\":\"https:\/\/www.conect.org.tn\/#website\",\"url\":\"https:\/\/www.conect.org.tn\/\",\"name\":\"CONECT Tunisie\",\"description\":\"Conf\u00e9d\u00e9ration des Entreprises Citoyennes de Tunisie\",\"potentialAction\":[{\"@type\":\"SearchAction\",\"target\":{\"@type\":\"EntryPoint\",\"urlTemplate\":\"https:\/\/www.conect.org.tn\/?s={search_term_string}\"},\"query-input\":\"required name=search_term_string\"}],\"inLanguage\":\"ar\"}]}<\/script>\n<!-- \/ Yoast SEO plugin. -->","yoast_head_json":{"title":"\u0627\u0644\u062d\u0632\u0645 | CONECT Tunisie","robots":{"index":"index","follow":"follow","max-snippet":"max-snippet:-1","max-image-preview":"max-image-preview:large","max-video-preview":"max-video-preview:-1"},"canonical":"https:\/\/www.conect.org.tn\/ar\/\u0627\u0644\u062d\u0632\u0645\/","og_locale":"ar_AR","og_type":"article","og_title":"\u0627\u0644\u062d\u0632\u0645 | CONECT Tunisie","og_description":"GOLDConect99DT\/mois VISA Chine : Accompagnement et prise de RDV. Visibilit\u00e9 de votre logo sur&hellip;","og_url":"https:\/\/www.conect.org.tn\/ar\/\u0627\u0644\u062d\u0632\u0645\/","og_site_name":"CONECT Tunisie","twitter_card":"summary_large_image","twitter_misc":{"\u0648\u0642\u062a \u0627\u0644\u0642\u0631\u0627\u0621\u0629 \u0627\u0644\u0645\u064f\u0642\u062f\u0651\u0631":"\u062f\u0642\u064a\u0642\u0629 \u0648\u0627\u062d\u062f\u0629"},"schema":{"@context":"https:\/\/schema.org","@graph":[{"@type":"WebPage","@id":"https:\/\/www.conect.org.tn\/ar\/%d8%a7%d9%84%d8%ad%d8%b2%d9%85\/","url":"https:\/\/www.conect.org.tn\/ar\/%d8%a7%d9%84%d8%ad%d8%b2%d9%85\/","name":"\u0627\u0644\u062d\u0632\u0645 | CONECT Tunisie","isPartOf":{"@id":"https:\/\/www.conect.org.tn\/#website"},"datePublished":"2022-11-02T15:48:55+00:00","dateModified":"2022-11-02T15:48:55+00:00","breadcrumb":{"@id":"https:\/\/www.conect.org.tn\/ar\/%d8%a7%d9%84%d8%ad%d8%b2%d9%85\/#breadcrumb"},"inLanguage":"ar","potentialAction":[{"@type":"ReadAction","target":["https:\/\/www.conect.org.tn\/ar\/%d8%a7%d9%84%d8%ad%d8%b2%d9%85\/"]}]},{"@type":"BreadcrumbList","@id":"https:\/\/www.conect.org.tn\/ar\/%d8%a7%d9%84%d8%ad%d8%b2%d9%85\/#breadcrumb","itemListElement":[{"@type":"ListItem","position":1,"name":"Accueil","item":"https:\/\/www.conect.org.tn\/ar\/"},{"@type":"ListItem","position":2,"name":"\u0627\u0644\u062d\u0632\u0645"}]},{"@type":"WebSite","@id":"https:\/\/www.conect.org.tn\/#website","url":"https:\/\/www.conect.org.tn\/","name":"CONECT Tunisie","description":"Conf\u00e9d\u00e9ration des Entreprises Citoyennes de Tunisie","potentialAction":[{"@type":"SearchAction","target":{"@type":"EntryPoint","urlTemplate":"https:\/\/www.conect.org.tn\/?s={search_term_string}"},"query-input":"required name=search_term_string"}],"inLanguage":"ar"}]}},"acf":[],"_links":{"self":[{"href":"https:\/\/www.conect.org.tn\/ar\/wp-json\/wp\/v2\/pages\/11472"}],"collection":[{"href":"https:\/\/www.conect.org.tn\/ar\/wp-json\/wp\/v2\/pages"}],"about":[{"href":"https:\/\/www.conect.org.tn\/ar\/wp-json\/wp\/v2\/types\/page"}],"author":[{"embeddable":true,"href":"https:\/\/www.conect.org.tn\/ar\/wp-json\/wp\/v2\/users\/1"}],"replies":[{"embeddable":true,"href":"https:\/\/www.conect.org.tn\/ar\/wp-json\/wp\/v2\/comments?post=11472"}],"version-history":[{"count":1,"href":"https:\/\/www.conect.org.tn\/ar\/wp-json\/wp\/v2\/pages\/11472\/revisions"}],"predecessor-version":[{"id":11475,"href":"https:\/\/www.conect.org.tn\/ar\/wp-json\/wp\/v2\/pages\/11472\/revisions\/11475"}],"wp:attachment":[{"href":"https:\/\/www.conect.org.tn\/ar\/wp-json\/wp\/v2\/media?parent=11472"}],"curies":[{"name":"wp","href":"https:\/\/api.w.org\/{rel}","templated":true}]}}